{"id":35,"date":"2012-04-04T20:09:27","date_gmt":"2012-04-04T20:09:27","guid":{"rendered":"http:\/\/tibor-nemeth.at\/?page_id=35"},"modified":"2024-05-15T08:13:03","modified_gmt":"2024-05-15T06:13:03","slug":"texte","status":"publish","type":"page","link":"https:\/\/tibor-nemeth.at\/?page_id=35","title":{"rendered":"Texte"},"content":{"rendered":"<h3>eine Auswahl meiner Vortr\u00e4ge, Publikationen, Schriften, &#8230;.<\/h3>\n<h4>zum Thema Liszt, Haydn und ihre<span style=\"color: #3366ff;\"><a href=\"http:\/\/tibor-nemeth.at\/wp-content\/uploads\/2012\/04\/h-moll-sonaten2.pdf\" target=\"_blank\" rel=\"noopener\"><span style=\"color: #3366ff;\"> h-moll Sonaten<\/span><\/a><\/span><\/h4>\n<h4>zur Kompositionstechnik Haydns (&#8222;Alchemie und Aufkl\u00e4rung&#8220;) : <span style=\"color: #3366ff;\"><a href=\"http:\/\/tibor-nemeth.at\/wp-content\/uploads\/2012\/04\/haydn-vortrag-091.pdf\" target=\"_blank\" rel=\"noopener\"><span style=\"color: #3366ff;\">haydn vortrag 09<\/span><\/a><\/span><\/h4>\n<h4>zum Thema<span style=\"color: #3366ff;\"> <a href=\"http:\/\/tibor-nemeth.at\/wp-content\/uploads\/2012\/04\/artikel-monothematik.pdf\" target=\"_blank\" rel=\"noopener\"><span style=\"color: #3366ff;\">Monothematik<\/span><\/a><\/span> und ihre Anwendung bei Mozart, Haydn und Clementi<\/h4>\n<h4><span style=\"color: #3366ff;\"><a href=\"http:\/\/tibor-nemeth.at\/wp-content\/uploads\/2012\/04\/musikfreunde_2000.pdf\" target=\"_blank\" rel=\"noopener\"><span style=\"color: #3366ff;\">Portr\u00e4t<\/span><\/a><\/span> in der Musikfreunde Zeitschrift anl\u00e4sslich einer Urauff\u00fchrung im Wiener Musikverein<\/h4>\n<h4>\u00fcberaus n\u00fctzliches <span style=\"color: #3366ff;\"><a href=\"http:\/\/tibor-nemeth.at\/wp-content\/uploads\/2012\/04\/TONSATZ skriptum 13.pdf\" target=\"_blank\" rel=\"noopener\"><span style=\"color: #3366ff;\">Tonsatzkompendium<\/span><\/a><\/span><\/h4>\n<h4>weitere Themen von Interesse sind <span style=\"color: #3366ff;\"><a style=\"color: #3366ff;\" href=\"https:\/\/htp.haydnkons.at\/\">hier<\/a><\/span> zu finden<\/h4>\n<h4>Titel zu weiteren Arbeiten finden sich am Ende meines CV<br><script type=\"text\/javascript\">\/\/ <![CDATA[\n\n\n  var _gaq = _gaq || [];<br \/>\n  _gaq.push(['_setAccount', 'UA-31294813-1']);<br \/>\n  _gaq.push(['_trackPageview']);<\/p>\n<p>  (function() {<br \/>\n    var ga = document.createElement('script'); ga.type = 'text\/javascript'; ga.async = true;<br \/>\n    ga.src = ('https:' == document.location.protocol ? 'https:\/\/ssl' : 'http:\/\/www') + '.google-analytics.com\/ga.js';<br \/>\n    var s = document.getElementsByTagName('script')[0]; s.parentNode.insertBefore(ga, s);<br \/>\n  })();<\/p>\n<p>\/\/ ]]><\/script><\/h4>\n<p><script type=\"text\/javascript\">\/\/ <![CDATA[\n(function(i,s,o,g,r,a,m){i['GoogleAnalyticsObject']=r;i[r]=i[r]||function(){<br \/>\n  (i[r].q=i[r].q||[]).push(arguments)},i[r].l=1*new Date();a=s.createElement(o),<br \/>\n  m=s.getElementsByTagName(o)[0];a.async=1;a.src=g;m.parentNode.insertBefore(a,m)<br \/>\n  })(window,document,'script','\/\/www.google-analytics.com\/analytics.js','ga');<\/p>\n<p>  ga('create', 'UA-42864281-1', 'tibor-nemeth.at');<br \/>\n  ga('send', 'pageview');<\/p>\n<p>\/\/ ]]><\/script><\/p>\n\n\n<p><\/p>\n\n\n<p><!-- Google tag (gtag.js) --><br>\n<script async=\"\" src=\"https:\/\/www.googletagmanager.com\/gtag\/js?id=G-83B6FNC4M9\"><\/script><br>\n<script><br \/>\n  window.dataLayer = window.dataLayer || [];<br \/>\n  function gtag(){dataLayer.push(arguments);}<br \/>\n  gtag('js', new Date());<\/p>\n<p>  gtag('config', 'G-83B6FNC4M9');<br \/>\n<\/script><\/p>","protected":false},"excerpt":{"rendered":"<p>eine Auswahl meiner Vortr\u00e4ge, Publikationen, Schriften, &#8230;. zum Thema Liszt, Haydn und ihre h-moll Sonaten zur Kompositionstechnik Haydns (&#8222;Alchemie und Aufkl\u00e4rung&#8220;) : haydn vortrag 09 zum Thema Monothematik und ihre Anwendung bei Mozart, Haydn und Clementi Portr\u00e4t in der Musikfreunde Zeitschrift anl\u00e4sslich einer Urauff\u00fchrung im Wiener Musikverein \u00fcberaus n\u00fctzliches Tonsatzkompendium weitere Themen von Interesse sind [&hellip;]<\/p>\n","protected":false},"author":1,"featured_media":0,"parent":0,"menu_order":0,"comment_status":"open","ping_status":"open","template":"","meta":{"om_disable_all_campaigns":false,"_monsterinsights_skip_tracking":false,"_monsterinsights_sitenote_active":false,"_monsterinsights_sitenote_note":"","_monsterinsights_sitenote_category":0,"_uf_show_specific_survey":0,"_uf_disable_surveys":false},"aioseo_notices":[],"_links":{"self":[{"href":"https:\/\/tibor-nemeth.at\/index.php?rest_route=\/wp\/v2\/pages\/35"}],"collection":[{"href":"https:\/\/tibor-nemeth.at\/index.php?rest_route=\/wp\/v2\/pages"}],"about":[{"href":"https:\/\/tibor-nemeth.at\/index.php?rest_route=\/wp\/v2\/types\/page"}],"author":[{"embeddable":true,"href":"https:\/\/tibor-nemeth.at\/index.php?rest_route=\/wp\/v2\/users\/1"}],"replies":[{"embeddable":true,"href":"https:\/\/tibor-nemeth.at\/index.php?rest_route=%2Fwp%2Fv2%2Fcomments&post=35"}],"version-history":[{"count":26,"href":"https:\/\/tibor-nemeth.at\/index.php?rest_route=\/wp\/v2\/pages\/35\/revisions"}],"predecessor-version":[{"id":442,"href":"https:\/\/tibor-nemeth.at\/index.php?rest_route=\/wp\/v2\/pages\/35\/revisions\/442"}],"wp:attachment":[{"href":"https:\/\/tibor-nemeth.at\/index.php?rest_route=%2Fwp%2Fv2%2Fmedia&parent=35"}],"curies":[{"name":"wp","href":"https:\/\/api.w.org\/{rel}","templated":true}]}}