{"id":38,"date":"2012-04-04T20:10:51","date_gmt":"2012-04-04T20:10:51","guid":{"rendered":"http:\/\/tibor-nemeth.at\/?page_id=38"},"modified":"2024-05-15T08:11:31","modified_gmt":"2024-05-15T06:11:31","slug":"horen","status":"publish","type":"page","link":"https:\/\/tibor-nemeth.at\/?page_id=38","title":{"rendered":"H\u00f6rbeispiele &#038; Clips"},"content":{"rendered":"\n<h3>&nbsp;<\/h3>\n\n\n\n<h3>&#8222;Mutation&#8220; und &#8222;Tombeau digital&#8220; aus der Produktion &#8222;haydn.210&#8220; des Joseph Haydn Konservatoriums anl\u00e4sslich des 210. Todestages von Joseph Haydn am 31.05.2019<\/h3>\n\n\n\n<figure class=\"wp-block-video\"><video controls src=\"http:\/\/tibor-nemeth.at\/wp-content\/uploads\/2020\/02\/Mutation.mp4\"><\/video><\/figure>\n\n\n\n<h3>&nbsp;<\/h3>\n\n\n\n<figure class=\"wp-block-video\"><video controls src=\"http:\/\/tibor-nemeth.at\/wp-content\/uploads\/2020\/02\/Tombeau-digital.mp4\"><\/video><\/figure>\n\n\n\n<p>&nbsp;<\/p>\n\n\n\n<h3>Das ganze dreieinhalbst\u00fcndige Event ist <span style=\"color: #00ccff;\"><a style=\"color: #00ccff;\" rel=\"noopener noreferrer\" href=\"https:\/\/www.youtube.com\/watch?v=bUMQnItHv8o&amp;t=10s\" target=\"_blank\"><span style=\"color: #3366ff;\">hier<\/span><\/a><\/span> nachzuerleben.<\/h3>\n\n\n\n<div class=\"wp-container-1 wp-block-group\"><div class=\"wp-block-group__inner-container\">\n<p><\/p>\n<\/div><\/div>\n\n\n\n<div class=\"wp-container-4 wp-block-group\"><div class=\"wp-block-group__inner-container\">\n<div class=\"wp-container-3 wp-block-group\"><div class=\"wp-block-group__inner-container\">\n<h3><span style=\"color: #3366ff;\"><a style=\"color: #3366ff;\" href=\"http:\/\/tibor-nemeth.at\/wp-content\/uploads\/2020\/02\/Nemeth-Divertimento-Belgrad.mp3\" target=\"_blank\" rel=\"noopener noreferrer\">Divertimento 06<\/a><\/span><\/h3>\n\n\n\n<div class=\"wp-container-2 wp-block-group\"><div class=\"wp-block-group__inner-container\">\n<h4>f\u00fcr jugendliches Streichorchester<\/h4>\n\n\n\n<h4>Allegro &#8230; Intermezzo (zart schmelzend) &#8230; con spirito<\/h4>\n\n\n\n<h4>Belgrade Chamber Orchestra &#8222;Ljubica Maric&#8220;<\/h4>\n\n\n\n<h4>Dirigent: Rade Pejcic<\/h4>\n<\/div><\/div>\n<\/div><\/div>\n<\/div><\/div>\n\n\n\n<div class=\"wp-container-7 wp-block-group\"><div class=\"wp-block-group__inner-container\">\n<p><\/p>\n\n\n\n<div class=\"wp-container-6 wp-block-group\"><div class=\"wp-block-group__inner-container\">\n<h3><span style=\"color: #3366ff;\"><a href=\"http:\/\/tibor-nemeth.at\/wp-content\/uploads\/2012\/04\/Nemeth_KYO.mp3\" target=\"_blank\" rel=\"noopener noreferrer\"><span style=\"color: #3366ff;\"><strong>KYO<\/strong> <\/span><\/a><\/span><\/h3>\n\n\n\n<div class=\"wp-container-5 wp-block-group\"><div class=\"wp-block-group__inner-container\">\n<h4>Das Orchester des Konservatoriums Wien spielt die UA des Auftragswerks im Musikverein Wien (2003)<\/h4>\n<\/div><\/div>\n<\/div><\/div>\n<\/div><\/div>\n\n\n\n<p><\/p>\n\n\n\n<p>&nbsp;&nbsp;<\/p>\n\n\n\n<div class=\"wp-container-10 wp-block-group\"><div class=\"wp-block-group__inner-container\">\n<div class=\"wp-container-9 wp-block-group\"><div class=\"wp-block-group__inner-container\">\n<div class=\"wp-container-8 wp-block-group\"><div class=\"wp-block-group__inner-container\">\n<h3><span style=\"color: #3366ff;\"><a href=\"http:\/\/tibor-nemeth.at\/wp-content\/uploads\/2012\/04\/zeitton.mp3\" target=\"_blank\" rel=\"noopener noreferrer\"><span style=\"color: #3366ff;\">Zeit-Ton<\/span><\/a><\/span> -Portrait in \u00d61 zum Nachh\u00f6ren<\/h3>\n\n\n\n<h4>anl\u00e4sslich der Verleihung des Tak\u00e1cs-Kompositionspreises 2010.<\/h4>\n\n\n\n<h4>Folgende Werke werden in dieser Sendung gespielt: <strong>Oktett<\/strong> (Wien modern, Konzerthaus 1989), <strong>Apokatastasis<\/strong>, 1. Satz (N\u00d6 Donaufestival, Festspielhaus St. P\u00f6lten 1999), <strong>KYO<\/strong> (Musikverein Wien 2003), <strong>Partition de Piano<\/strong> (Lisztzentrum Raiding 2011)<\/h4>\n<\/div><\/div>\n<\/div><\/div>\n<\/div><\/div>\n\n\n\n<div class=\"wp-container-12 wp-block-group\"><div class=\"wp-block-group__inner-container\">\n<div class=\"wp-container-11 wp-block-group\"><div class=\"wp-block-group__inner-container\">\n<p><\/p>\n\n\n\n<h3><span style=\"color: #3366ff;\">Tetralogie<\/span> nach Bildern von Max Weiler: daraus die&nbsp;<span style=\"color: #3366ff;\"><a href=\"http:\/\/tibor-nemeth.at\/wp-content\/uploads\/2012\/04\/tetralogie_3.mp3\" target=\"_blank\" rel=\"noopener noreferrer\"><span style=\"color: #3366ff;\">Nr.3<\/span><\/a><\/span><\/h3>\n<\/div><\/div>\n\n\n\n<h4>gespielt vom Haydn-Trio Eisenstadt<\/h4>\n<\/div><\/div>\n\n\n\n<p><\/p>\n\n\n\n<p><\/p>\n\n\n\n<div class=\"wp-container-13 wp-block-group\"><div class=\"wp-block-group__inner-container\">\n<h3><span style=\"color: #3366ff;\"><a href=\"https:\/\/www.youtube.com\/watch?v=kDDZCt7e0UA\" target=\"_blank\" rel=\"noopener noreferrer\"><span style=\"color: #3366ff;\">Fantasia super Jelena<\/span><\/a><\/span> f\u00fcr Orgel solo<\/h3>\n\n\n\n<h4>gespielt von Ulrike-Theresia Wegele<\/h4>\n<\/div><\/div>\n\n\n\n<p><\/p>\n\n\n\n<div class=\"wp-container-14 wp-block-group\"><div class=\"wp-block-group__inner-container\">\n<h3><span style=\"color: #3366ff;\"><a href=\"http:\/\/tibor-nemeth.at\/wp-content\/uploads\/2012\/04\/Annotation09.mp3\" target=\"_blank\" rel=\"noopener noreferrer\"><span style=\"color: #3366ff;\">Annotation 09<\/span><\/a><\/span><\/h3>\n\n\n\n<h4>Kommentar zum Haydnjahr 2009, gespielt von der Vienna Clarinet Connection<\/h4>\n<\/div><\/div>\n\n\n\n<p><\/p>\n\n\n\n<div class=\"wp-container-15 wp-block-group\"><div class=\"wp-block-group__inner-container\">\n<h4><span style=\"color: #3366ff;\"><a rel=\"noopener noreferrer\" href=\"http:\/\/tibor-nemeth.at\/wp-content\/uploads\/2012\/04\/PARADIGMA.mp3\" target=\"_blank\"><span style=\"color: #3366ff;\">Paradigma<\/span><\/a><strong><br><\/strong><\/span>Aufnahme der Urauff\u00fchrung 2000&nbsp; im Brahmssaal des Musikvereins Wien durch das Ensemble Kontrapunkte unter Peter Keuschnig<\/h4>\n<\/div><\/div>\n\n\n\n<h4>(siehe dazu<span style=\"color: #3366ff;\"> <a href=\"http:\/\/tibor-nemeth.at\/wp-content\/uploads\/2012\/04\/musikfreunde_2000.pdf\" target=\"_blank\" rel=\"noopener noreferrer\"><span style=\"color: #3366ff;\">diesen<\/span><\/a> <\/span>Artikel)<\/h4>\n\n\n\n<p><\/p>\n\n\n\n<div class=\"wp-container-16 wp-block-group\"><div class=\"wp-block-group__inner-container\">\n<h3><span style=\"color: #3366ff;\">Suite d&#8217;Autriche<\/span><\/h3>\n\n\n\n<h4>ein fr\u00fches Trio (1992) nach Motiven \u00f6sterreichischer Volksmusik f\u00fcr Klarinette, Violine und Klavier<\/h4>\n\n\n\n<h4><a href=\"http:\/\/tibor-nemeth.at\/wp-content\/uploads\/2018\/11\/1.marsch.mp3\">1. Marsch<\/a>&nbsp;&nbsp;&nbsp;&nbsp;&nbsp;&nbsp;&nbsp;&nbsp;&nbsp; <a href=\"http:\/\/tibor-nemeth.at\/wp-content\/uploads\/2018\/11\/2.lied_.mp3\">2.Lied<\/a>&nbsp;&nbsp;&nbsp;&nbsp;&nbsp;&nbsp;&nbsp;&nbsp; <a href=\"http:\/\/tibor-nemeth.at\/wp-content\/uploads\/2018\/11\/3.intermezzo.mp3\">3.Intermezzo&nbsp;<\/a>&nbsp;&nbsp;&nbsp;&nbsp;&nbsp;&nbsp;&nbsp;&nbsp; <a href=\"http:\/\/tibor-nemeth.at\/wp-content\/uploads\/2018\/11\/4.zwiefacher.mp3\">4.Zwiefacher<\/a><\/h4>\n<\/div><\/div>\n\n\n\n<p><\/p>\n\n\n\n<h3><span style=\"color: #3366ff;\"><a href=\"http:\/\/tibor-nemeth.at\/wp-content\/uploads\/2012\/04\/01-exiktonCD.mp3\" target=\"_blank\" rel=\"noopener noreferrer\"><span style=\"color: #3366ff;\">Exikton<\/span><\/a><\/span><\/h3>\n\n\n\n<h4>f\u00fcr Klaviertrio nach Motiven aus Mozarts &#8222;Zauberfl\u00f6te&#8220; (Haydn-Trio Eisenstadt)<br><script type=\"text\/javascript\">\/\/ <![CDATA[ var _gaq = _gaq || []; _gaq.push(['_setAccount', 'UA-31294813-1']); _gaq.push(['_trackPageview']); (function() { var ga = document.createElement('script'); ga.type = 'text\/javascript'; ga.async = true; ga.src = ('https:' == document.location.protocol ? 'https:\/\/ssl' : 'http:\/\/www') + '.google-analytics.com\/ga.js'; var s = document.getElementsByTagName('script')[0]; s.parentNode.insertBefore(ga, s); })(); \/\/ ]]><\/script><\/h4>\n\n\n\n<h3><span style=\"color: #3366ff;\"><a href=\"http:\/\/tibor-nemeth.at\/wp-content\/uploads\/2012\/04\/PARADIGMA.mp3\" target=\"_blank\" rel=\"noopener noreferrer\"><span style=\"color: #3366ff;\">&nbsp;<\/span><\/a><\/span><\/h3>\n\n\n\n<h3>&nbsp;<\/h3>\n\n\n\n<p><script type=\"text\/javascript\">\/\/ <![CDATA[ (function(i,s,o,g,r,a,m){i['GoogleAnalyticsObject']=r;i[r]=i[r]||function(){ (i[r].q=i[r].q||[]).push(arguments)},i[r].l=1*new Date();a=s.createElement(o), m=s.getElementsByTagName(o)[0];a.async=1;a.src=g;m.parentNode.insertBefore(a,m) })(window,document,'script','\/\/www.google-analytics.com\/analytics.js','ga'); ga('create', 'UA-42864281-1', 'tibor-nemeth.at'); ga('send', 'pageview'); \/\/ ]]><\/script><\/p>\n\n\n<p><!-- Google tag (gtag.js) --><br>\n<script async=\"\" src=\"https:\/\/www.googletagmanager.com\/gtag\/js?id=G-83B6FNC4M9\"><\/script><br>\n<script><br \/>\n  window.dataLayer = window.dataLayer || [];<br \/>\n  function gtag(){dataLayer.push(arguments);}<br \/>\n  gtag('js', new Date());<\/p>\n<p>  gtag('config', 'G-83B6FNC4M9');<br \/>\n<\/script><\/p>","protected":false},"excerpt":{"rendered":"<p>&nbsp; &#8222;Mutation&#8220; und &#8222;Tombeau digital&#8220; aus der Produktion &#8222;haydn.210&#8220; des Joseph Haydn Konservatoriums anl\u00e4sslich des 210. Todestages von Joseph Haydn am 31.05.2019 &nbsp; &nbsp; Das ganze dreieinhalbst\u00fcndige Event ist hier nachzuerleben. Divertimento 06 f\u00fcr jugendliches Streichorchester Allegro &#8230; Intermezzo (zart schmelzend) &#8230; con spirito Belgrade Chamber Orchestra &#8222;Ljubica Maric&#8220; Dirigent: Rade Pejcic KYO Das Orchester [&hellip;]<\/p>\n","protected":false},"author":1,"featured_media":0,"parent":0,"menu_order":0,"comment_status":"open","ping_status":"open","template":"","meta":{"om_disable_all_campaigns":false,"_monsterinsights_skip_tracking":false,"_monsterinsights_sitenote_active":false,"_monsterinsights_sitenote_note":"","_monsterinsights_sitenote_category":0,"_uf_show_specific_survey":0,"_uf_disable_surveys":false},"aioseo_notices":[],"_links":{"self":[{"href":"https:\/\/tibor-nemeth.at\/index.php?rest_route=\/wp\/v2\/pages\/38"}],"collection":[{"href":"https:\/\/tibor-nemeth.at\/index.php?rest_route=\/wp\/v2\/pages"}],"about":[{"href":"https:\/\/tibor-nemeth.at\/index.php?rest_route=\/wp\/v2\/types\/page"}],"author":[{"embeddable":true,"href":"https:\/\/tibor-nemeth.at\/index.php?rest_route=\/wp\/v2\/users\/1"}],"replies":[{"embeddable":true,"href":"https:\/\/tibor-nemeth.at\/index.php?rest_route=%2Fwp%2Fv2%2Fcomments&post=38"}],"version-history":[{"count":90,"href":"https:\/\/tibor-nemeth.at\/index.php?rest_route=\/wp\/v2\/pages\/38\/revisions"}],"predecessor-version":[{"id":437,"href":"https:\/\/tibor-nemeth.at\/index.php?rest_route=\/wp\/v2\/pages\/38\/revisions\/437"}],"wp:attachment":[{"href":"https:\/\/tibor-nemeth.at\/index.php?rest_route=%2Fwp%2Fv2%2Fmedia&parent=38"}],"curies":[{"name":"wp","href":"https:\/\/api.w.org\/{rel}","templated":true}]}}